{"id":673,"date":"2022-07-14T08:17:59","date_gmt":"2022-07-14T08:17:59","guid":{"rendered":"https:\/\/dascoachingbyks.de\/cms\/?page_id=673"},"modified":"2023-08-28T07:17:11","modified_gmt":"2023-08-28T07:17:11","slug":"datenschutz","status":"publish","type":"page","link":"https:\/\/dascoachingbyks.de\/cms\/datenschutz\/","title":{"rendered":"DATENSCHUTZ"},"content":{"rendered":"<div id=\"uebermich\" class=\"fusion-container-anchor\"><div class=\"fusion-fullwidth fullwidth-box fusion-builder-row-1 fusion-flex-container nonhundred-percent-fullwidth non-hundred-percent-height-scrolling\" style=\"--awb-border-radius-top-left:0px;--awb-border-radius-top-right:0px;--awb-border-radius-bottom-right:0px;--awb-border-radius-bottom-left:0px;--awb-margin-top:10%;\" ><div class=\"fusion-builder-row fusion-row fusion-flex-align-items-flex-end\" style=\"max-width:1320px;margin-left: calc(-10% \/ 2 );margin-right: calc(-10% \/ 2 );\"><div class=\"fusion-layout-column fusion_builder_column fusion-builder-column-0 fusion_builder_column_1_1 1_1 fusion-flex-column\" style=\"--awb-bg-size:cover;--awb-width-large:100%;--awb-margin-top-large:0px;--awb-spacing-right-large:7.2%;--awb-margin-bottom-large:20px;--awb-spacing-left-large:7.2%;--awb-width-medium:100%;--awb-order-medium:0;--awb-spacing-right-medium:7.2%;--awb-spacing-left-medium:7.2%;--awb-width-small:100%;--awb-order-small:0;--awb-spacing-right-small:4.5%;--awb-spacing-left-small:4.5%;\"><div class=\"fusion-column-wrapper fusion-column-has-shadow fusion-flex-justify-content-flex-start fusion-content-layout-column\"><div class=\"fusion-separator\" style=\"align-self: center;margin-left: auto;margin-right: auto;margin-top:3%;margin-bottom:3%;width:100%;max-width:20%;\"><\/div><div class=\"fusion-title title fusion-title-1 fusion-sep-none fusion-title-highlight fusion-loop-on fusion-highlight-underline_zigzag fusion-title-size-one\" style=\"--awb-highlight-top-margin:6px;--awb-highlight-width:7;\" data-highlight=\"underline_zigzag\"><h1 class=\"title-heading-left fusion-responsive-typography-calculated\" style=\"margin:0;text-transform:none;--fontSize:25;line-height:var(--awb-typography1-line-height);\"><span class=\"fusion-highlighted-text-prefix\"><\/span> <span class=\"fusion-highlighted-text-wrapper\"><span class=\"fusion-highlighted-text\">INFORMATIONEN \u00dcBER<\/span><\/span> <span class=\"fusion-highlighted-text-postfix\"><\/span><\/h1><\/div><div class=\"fusion-separator\" style=\"align-self: flex-start;margin-right:auto;margin-top:1%;margin-bottom:2%;width:100%;max-width:20%;\"><\/div><div class=\"fusion-title title fusion-title-2 fusion-sep-none fusion-title-text fusion-title-size-two\" style=\"--awb-sep-color:var(--awb-color1);\"><h2 class=\"title-heading-left fusion-responsive-typography-calculated\" style=\"margin:0;text-transform:none;--fontSize:50;line-height:var(--awb-typography1-line-height);\">COOKIES UND DATENSCHUTZ<\/h2><\/div><div class=\"fusion-separator fusion-full-width-sep\" style=\"align-self: center;margin-left: auto;margin-right: auto;margin-top:3%;margin-bottom:3%;width:100%;\"><\/div><div class=\"fusion-text fusion-text-1\"><p><strong>ERKL\u00c4RUNG ZUR INFORMATIONSPFLICHT<\/strong><br \/>\nDer Schutz Ihrer pers\u00f6nlichen Daten ist uns ein besonderes Anliegen. Wir verarbeiten Ihre Daten daher ausschlie\u00dflich auf Grundlage der gesetzlichen Bestimmungen (DSGVO, TKG 2003). In diesen Datenschutzinformationen informieren wir Sie \u00fcber die wichtigsten Aspekte der Datenverarbeitung im Rahmen unserer Website.<\/p>\n<\/div><div class=\"fusion-separator fusion-full-width-sep\" style=\"align-self: center;margin-left: auto;margin-right: auto;margin-top:3%;margin-bottom:3%;width:100%;\"><\/div><div class=\"fusion-text fusion-text-2\"><p><strong>KONTAKT MIT UNS<\/strong><br \/>\nWenn Sie per Formular auf der Website oder per E-Mail Kontakt mit uns aufnehmen, werden Ihre angegebenen Daten zwecks Bearbeitung der Anfrage und f\u00fcr den Fall von Anschlussfragen bei uns gespeichert. Diese Daten geben wir nicht ohne Ihre Einwilligung weiter.<\/p>\n<p><strong>COOKIES<\/strong><br \/>\nUnsere Website verwendet so genannte Cookies. Dabei handelt es sich um kleine Textdateien, die mit Hilfe des Browsers auf Ihrem Endger\u00e4t abgelegt werden. Sie richten keinen Schaden an.<br \/>\nWir nutzen Cookies dazu, unser Angebot nutzerfreundlich zu gestalten. Einige Cookies bleiben auf Ihrem Endger\u00e4t gespeichert, bis Sie diese l\u00f6schen. Sie erm\u00f6glichen es uns, Ihren Browser beim n\u00e4chsten Besuch wiederzuerkennen.<br \/>\nWenn Sie dies nicht w\u00fcnschen, so k\u00f6nnen Sie Ihren Browser so einrichten, dass er Sie \u00fcber das Setzen von Cookies informiert und Sie dies nur im Einzelfall erlauben. Bei der Deaktivierung von Cookies kann die Funktionalit\u00e4t unserer Website eingeschr\u00e4nkt sein.<\/p>\n<p><strong>WEB-ANALYSE<\/strong><br \/>\nUnsere Website verwendet Funktionen des Webanalysedienstes Google Analytics. Anbieter ist die Google Inc., 1600 Amphitheatre Parkway Mountain View, CA 94043, USA. Dazu werden Cookies verwendet, die eine Analyse der Benutzung der Website durch Ihre Benutzer erm\u00f6glicht. Die dadurch erzeugten Informationen werden auf den Server des Anbieters \u00fcbertragen und dort gespeichert.<\/p>\n<p>Sie k\u00f6nnen dies verhindern, indem Sie Ihren Browser so einrichten, dass keine Cookies gespeichert werden.<\/p>\n<p><strong>IP-ANONYMISIERUNG<\/strong><br \/>\nWir haben auf dieser Website die Funktion IP-Anonymisierung aktiviert. Dadurch wird Ihre IP-Adresse von Google innerhalb von Mitgliedsstaaten der Europ\u00e4ischen Union oder in anderen Vertragsstaaten des Abkommens \u00fcber den Europ\u00e4ischen Wirtschaftsraum vor der \u00dcbermittlung in die USA gek\u00fcrzt. Nur in Ausnahmef\u00e4llen wir die volle IP-Adresse an einen Server von Google in den USA \u00fcbertragen und dort gek\u00fcrzt. Im Auftrag des Betreibers dieser Website wird Google diese Informationen benutzen, um Ihre Nutzung der Website auszuwerten, um Reports \u00fcber die Websiteaktivit\u00e4ten zusammenzustellen und um weitere mit der Websitenutzung und der Internetnutzung verbundene Dienstleistung gegen\u00fcber dem Websitebetreiber zu erbringen. Die im Rahmen von Google Analytics von Ihrem Browser \u00fcbermittelte IP-Adresse wird nicht mit anderen Daten von Google zusammengef\u00fchrt.<\/p>\n<p><strong>BROWSER-PLUGIN<\/strong><br \/>\nSie k\u00f6nnen die Speicherung der Cookies durch eine entsprechende Einstellung Ihrer Browser-Software verhindern; wir weisen Sie jedoch darauf hin, dass Sie in diesem Fall gegebenenfalls nicht s\u00e4mtliche Funktionen dieser Website vollumf\u00e4nglich werden nutzen k\u00f6nnen. Sie k\u00f6nnen dar\u00fcber hinaus die Erfassung durch den Cookie erzeugten und auf Ihre Nutzung der Website bezogene Daten (inkl. Ihrer IP-Adresse) an Google sowie die Verarbeitung dieser Daten durch Google verhindern, indem Sie das unter dem folgenden Link verf\u00fcgbare Browser-Plugin herunterladen und installieren: https:\/\/tools.google.com\/dlpage\/gaoptout?hl=de<\/p>\n<p><strong>DEMOGRAFISCHE MERKMALE BEI GOOGLE ANALYTICS<\/strong><br \/>\nDiese Website nutzt die Funktion \u201edemografische Merkmale\u201c von Google Analytics. Dadurch k\u00f6nnen Berichte erstellt werden, die Aussagen zu Alter, Geschlecht und Interessen der Seitenbesucher enthalten. Diese Daten stammen aus interessenbezogener Werbung von Google sowie aus Besucherdaten von Drittanbietern. Diese Daten k\u00f6nnen keiner bestimmten Person zugeordnet werden. Sie k\u00f6nnen diese Funktion jederzeit \u00fcber die Anzeigeneinstellungen in Ihrem Google-Konto deaktivieren oder die Erfassung Ihrer Daten durch Google Analytics wie im Punkt \u201eWiderspruch gegen Datenerfassung\u201c dargestellt generell untersagen.<\/p>\n<p><strong>IHRE RECHTE<\/strong><br \/>\nIhnen stehen grunds\u00e4tzlich die Rechte auf Auskunft, Berichtigung, L\u00f6schung, Einschr\u00e4nkung, Daten\u00fcbertragbarkeit, Widerruf und Widerspruch zu. Wenn Sie glauben, dass die Verarbeitung Ihrer Daten gegen das Datenschutzrecht verst\u00f6\u00dft oder Ihre datenschutzrechtlichen Anspr\u00fcche sonst in einer Weise verletzt worden sind, k\u00f6nnen Sie sich bei der Aufsichtsbeh\u00f6rde beschweren. In Deutschland ist dies die Datenschutzbeh\u00f6rde.<\/p>\n<p>Sie erreichen mich unter folgenden Kontaktdaten:<\/p>\n<\/div><div class=\"fusion-text fusion-text-3\"><p><strong>das Coaching by KS<\/strong><\/p>\n<p>KATHRIN SCHMID<br \/>\nBusiness Coach (IHK)<br \/>\nMediatorin (IHK)<\/p>\n<p>Eberfurterstr. 42<br \/>\nD-66450 Bexbach<\/p>\n<p>M: <a href=\"mailto:K.Schmid@dascoachingbyks.de\">K.Schmid@dascoachingbyks.de<\/a><br \/>\nT: <a href=\"tel:004915119169933\">+4915119169933<\/a><\/p>\n<\/div><div class=\"fusion-separator fusion-full-width-sep\" style=\"align-self: center;margin-left: auto;margin-right: auto;margin-top:3%;margin-bottom:3%;width:100%;\"><\/div><\/div><\/div><\/div><\/div><\/div>\n","protected":false},"excerpt":{"rendered":"","protected":false},"author":2,"featured_media":0,"parent":0,"menu_order":0,"comment_status":"closed","ping_status":"closed","template":"100-width.php","meta":[],"yoast_head":"<!-- This site is optimized with the Yoast SEO plugin v20.5 - https:\/\/yoast.com\/wordpress\/plugins\/seo\/ -->\n<title>das Coaching by KS - Kathrin Schmid - Businesscoach - Datenschutz<\/title>\n<meta name=\"description\" content=\"Erkl\u00e4rung zum Schutz ihrer pers\u00f6nlichen Daten beim Nutzen dieser Seite.\" \/>\n<meta name=\"robots\" content=\"index, follow, max-snippet:-1, max-image-preview:large, max-video-preview:-1\" \/>\n<link rel=\"canonical\" href=\"https:\/\/dascoachingbyks.de\/cms\/datenschutz\/\" \/>\n<meta property=\"og:locale\" content=\"de_DE\" \/>\n<meta property=\"og:type\" content=\"article\" \/>\n<meta property=\"og:title\" content=\"das Coaching by KS - Kathrin Schmid - Businesscoach - Datenschutz\" \/>\n<meta property=\"og:description\" content=\"Erkl\u00e4rung zum Schutz ihrer pers\u00f6nlichen Daten beim Nutzen dieser Seite.\" \/>\n<meta property=\"og:url\" content=\"https:\/\/dascoachingbyks.de\/cms\/datenschutz\/\" \/>\n<meta property=\"og:site_name\" content=\"Das Coaching by Kathrin Schmid\" \/>\n<meta property=\"article:modified_time\" content=\"2023-08-28T07:17:11+00:00\" \/>\n<meta name=\"twitter:card\" content=\"summary_large_image\" \/>\n<meta name=\"twitter:label1\" content=\"Gesch\u00e4tzte Lesezeit\" \/>\n\t<meta name=\"twitter:data1\" content=\"6\u00a0Minuten\" \/>\n<script type=\"application\/ld+json\" class=\"yoast-schema-graph\">{\"@context\":\"https:\/\/schema.org\",\"@graph\":[{\"@type\":\"WebPage\",\"@id\":\"https:\/\/dascoachingbyks.de\/cms\/datenschutz\/\",\"url\":\"https:\/\/dascoachingbyks.de\/cms\/datenschutz\/\",\"name\":\"das Coaching by KS - Kathrin Schmid - Businesscoach - Datenschutz\",\"isPartOf\":{\"@id\":\"https:\/\/dascoachingbyks.de\/cms\/#website\"},\"datePublished\":\"2022-07-14T08:17:59+00:00\",\"dateModified\":\"2023-08-28T07:17:11+00:00\",\"description\":\"Erkl\u00e4rung zum Schutz ihrer pers\u00f6nlichen Daten beim Nutzen dieser Seite.\",\"breadcrumb\":{\"@id\":\"https:\/\/dascoachingbyks.de\/cms\/datenschutz\/#breadcrumb\"},\"inLanguage\":\"de\",\"potentialAction\":[{\"@type\":\"ReadAction\",\"target\":[\"https:\/\/dascoachingbyks.de\/cms\/datenschutz\/\"]}]},{\"@type\":\"BreadcrumbList\",\"@id\":\"https:\/\/dascoachingbyks.de\/cms\/datenschutz\/#breadcrumb\",\"itemListElement\":[{\"@type\":\"ListItem\",\"position\":1,\"name\":\"Startseite\",\"item\":\"https:\/\/dascoachingbyks.de\/cms\/\"},{\"@type\":\"ListItem\",\"position\":2,\"name\":\"DATENSCHUTZ\"}]},{\"@type\":\"WebSite\",\"@id\":\"https:\/\/dascoachingbyks.de\/cms\/#website\",\"url\":\"https:\/\/dascoachingbyks.de\/cms\/\",\"name\":\"Das Coaching by Kathrin Schmid\",\"description\":\"Deinen Aufstieg Starten\",\"publisher\":{\"@id\":\"https:\/\/dascoachingbyks.de\/cms\/#organization\"},\"potentialAction\":[{\"@type\":\"SearchAction\",\"target\":{\"@type\":\"EntryPoint\",\"urlTemplate\":\"https:\/\/dascoachingbyks.de\/cms\/?s={search_term_string}\"},\"query-input\":\"required name=search_term_string\"}],\"inLanguage\":\"de\"},{\"@type\":\"Organization\",\"@id\":\"https:\/\/dascoachingbyks.de\/cms\/#organization\",\"name\":\"das Coaching by KS\",\"url\":\"https:\/\/dascoachingbyks.de\/cms\/\",\"logo\":{\"@type\":\"ImageObject\",\"inLanguage\":\"de\",\"@id\":\"https:\/\/dascoachingbyks.de\/cms\/#\/schema\/logo\/image\/\",\"url\":\"https:\/\/dascoachingbyks.de\/cms\/wp-content\/uploads\/2022\/06\/das-coaching-Logo2021-fin.jpg\",\"contentUrl\":\"https:\/\/dascoachingbyks.de\/cms\/wp-content\/uploads\/2022\/06\/das-coaching-Logo2021-fin.jpg\",\"width\":2500,\"height\":1047,\"caption\":\"das Coaching by KS\"},\"image\":{\"@id\":\"https:\/\/dascoachingbyks.de\/cms\/#\/schema\/logo\/image\/\"}}]}<\/script>\n<!-- \/ Yoast SEO plugin. -->","yoast_head_json":{"title":"das Coaching by KS - Kathrin Schmid - Businesscoach - Datenschutz","description":"Erkl\u00e4rung zum Schutz ihrer pers\u00f6nlichen Daten beim Nutzen dieser Seite.","robots":{"index":"index","follow":"follow","max-snippet":"max-snippet:-1","max-image-preview":"max-image-preview:large","max-video-preview":"max-video-preview:-1"},"canonical":"https:\/\/dascoachingbyks.de\/cms\/datenschutz\/","og_locale":"de_DE","og_type":"article","og_title":"das Coaching by KS - Kathrin Schmid - Businesscoach - Datenschutz","og_description":"Erkl\u00e4rung zum Schutz ihrer pers\u00f6nlichen Daten beim Nutzen dieser Seite.","og_url":"https:\/\/dascoachingbyks.de\/cms\/datenschutz\/","og_site_name":"Das Coaching by Kathrin Schmid","article_modified_time":"2023-08-28T07:17:11+00:00","twitter_card":"summary_large_image","twitter_misc":{"Gesch\u00e4tzte Lesezeit":"6\u00a0Minuten"},"schema":{"@context":"https:\/\/schema.org","@graph":[{"@type":"WebPage","@id":"https:\/\/dascoachingbyks.de\/cms\/datenschutz\/","url":"https:\/\/dascoachingbyks.de\/cms\/datenschutz\/","name":"das Coaching by KS - Kathrin Schmid - Businesscoach - Datenschutz","isPartOf":{"@id":"https:\/\/dascoachingbyks.de\/cms\/#website"},"datePublished":"2022-07-14T08:17:59+00:00","dateModified":"2023-08-28T07:17:11+00:00","description":"Erkl\u00e4rung zum Schutz ihrer pers\u00f6nlichen Daten beim Nutzen dieser Seite.","breadcrumb":{"@id":"https:\/\/dascoachingbyks.de\/cms\/datenschutz\/#breadcrumb"},"inLanguage":"de","potentialAction":[{"@type":"ReadAction","target":["https:\/\/dascoachingbyks.de\/cms\/datenschutz\/"]}]},{"@type":"BreadcrumbList","@id":"https:\/\/dascoachingbyks.de\/cms\/datenschutz\/#breadcrumb","itemListElement":[{"@type":"ListItem","position":1,"name":"Startseite","item":"https:\/\/dascoachingbyks.de\/cms\/"},{"@type":"ListItem","position":2,"name":"DATENSCHUTZ"}]},{"@type":"WebSite","@id":"https:\/\/dascoachingbyks.de\/cms\/#website","url":"https:\/\/dascoachingbyks.de\/cms\/","name":"Das Coaching by Kathrin Schmid","description":"Deinen Aufstieg Starten","publisher":{"@id":"https:\/\/dascoachingbyks.de\/cms\/#organization"},"potentialAction":[{"@type":"SearchAction","target":{"@type":"EntryPoint","urlTemplate":"https:\/\/dascoachingbyks.de\/cms\/?s={search_term_string}"},"query-input":"required name=search_term_string"}],"inLanguage":"de"},{"@type":"Organization","@id":"https:\/\/dascoachingbyks.de\/cms\/#organization","name":"das Coaching by KS","url":"https:\/\/dascoachingbyks.de\/cms\/","logo":{"@type":"ImageObject","inLanguage":"de","@id":"https:\/\/dascoachingbyks.de\/cms\/#\/schema\/logo\/image\/","url":"https:\/\/dascoachingbyks.de\/cms\/wp-content\/uploads\/2022\/06\/das-coaching-Logo2021-fin.jpg","contentUrl":"https:\/\/dascoachingbyks.de\/cms\/wp-content\/uploads\/2022\/06\/das-coaching-Logo2021-fin.jpg","width":2500,"height":1047,"caption":"das Coaching by KS"},"image":{"@id":"https:\/\/dascoachingbyks.de\/cms\/#\/schema\/logo\/image\/"}}]}},"_links":{"self":[{"href":"https:\/\/dascoachingbyks.de\/cms\/wp-json\/wp\/v2\/pages\/673"}],"collection":[{"href":"https:\/\/dascoachingbyks.de\/cms\/wp-json\/wp\/v2\/pages"}],"about":[{"href":"https:\/\/dascoachingbyks.de\/cms\/wp-json\/wp\/v2\/types\/page"}],"author":[{"embeddable":true,"href":"https:\/\/dascoachingbyks.de\/cms\/wp-json\/wp\/v2\/users\/2"}],"replies":[{"embeddable":true,"href":"https:\/\/dascoachingbyks.de\/cms\/wp-json\/wp\/v2\/comments?post=673"}],"version-history":[{"count":7,"href":"https:\/\/dascoachingbyks.de\/cms\/wp-json\/wp\/v2\/pages\/673\/revisions"}],"predecessor-version":[{"id":1195,"href":"https:\/\/dascoachingbyks.de\/cms\/wp-json\/wp\/v2\/pages\/673\/revisions\/1195"}],"wp:attachment":[{"href":"https:\/\/dascoachingbyks.de\/cms\/wp-json\/wp\/v2\/media?parent=673"}],"curies":[{"name":"wp","href":"https:\/\/api.w.org\/{rel}","templated":true}]}}