{"id":671,"date":"2022-07-14T08:17:43","date_gmt":"2022-07-14T08:17:43","guid":{"rendered":"https:\/\/dascoachingbyks.de\/cms\/?page_id=671"},"modified":"2023-08-28T07:16:41","modified_gmt":"2023-08-28T07:16:41","slug":"impressum","status":"publish","type":"page","link":"https:\/\/dascoachingbyks.de\/cms\/impressum\/","title":{"rendered":"IMPRESSUM"},"content":{"rendered":"<div id=\"uebermich\" class=\"fusion-container-anchor\"><div class=\"fusion-fullwidth fullwidth-box fusion-builder-row-1 fusion-flex-container nonhundred-percent-fullwidth non-hundred-percent-height-scrolling\" style=\"--awb-border-radius-top-left:0px;--awb-border-radius-top-right:0px;--awb-border-radius-bottom-right:0px;--awb-border-radius-bottom-left:0px;--awb-margin-top:10%;\" ><div class=\"fusion-builder-row fusion-row fusion-flex-align-items-flex-end\" style=\"max-width:1320px;margin-left: calc(-10% \/ 2 );margin-right: calc(-10% \/ 2 );\"><div class=\"fusion-layout-column fusion_builder_column fusion-builder-column-0 fusion_builder_column_1_1 1_1 fusion-flex-column\" style=\"--awb-bg-size:cover;--awb-width-large:100%;--awb-margin-top-large:0px;--awb-spacing-right-large:7.2%;--awb-margin-bottom-large:20px;--awb-spacing-left-large:7.2%;--awb-width-medium:100%;--awb-order-medium:0;--awb-spacing-right-medium:7.2%;--awb-spacing-left-medium:7.2%;--awb-width-small:100%;--awb-order-small:0;--awb-spacing-right-small:4.5%;--awb-spacing-left-small:4.5%;\"><div class=\"fusion-column-wrapper fusion-column-has-shadow fusion-flex-justify-content-flex-start fusion-content-layout-column\"><div class=\"fusion-separator fusion-full-width-sep\" style=\"align-self: center;margin-left: auto;margin-right: auto;margin-top:3%;margin-bottom:3%;width:100%;\"><\/div><div class=\"fusion-title title fusion-title-1 fusion-sep-none fusion-title-highlight fusion-loop-on fusion-highlight-underline_zigzag fusion-title-size-one\" style=\"--awb-highlight-top-margin:6px;--awb-highlight-width:7;\" data-highlight=\"underline_zigzag\"><h1 class=\"title-heading-left fusion-responsive-typography-calculated\" style=\"margin:0;text-transform:none;--fontSize:25;line-height:var(--awb-typography1-line-height);\"><span class=\"fusion-highlighted-text-prefix\"><\/span> <span class=\"fusion-highlighted-text-wrapper\"><span class=\"fusion-highlighted-text\">IMPRESSUM<\/span><\/span> <span class=\"fusion-highlighted-text-postfix\"><\/span><\/h1><\/div><div class=\"fusion-separator\" style=\"align-self: flex-start;margin-right:auto;margin-top:1%;margin-bottom:2%;width:100%;max-width:20%;\"><\/div><div class=\"fusion-title title fusion-title-2 fusion-sep-none fusion-title-text fusion-title-size-two\" style=\"--awb-sep-color:var(--awb-color1);\"><h2 class=\"title-heading-left fusion-responsive-typography-calculated\" style=\"margin:0;text-transform:none;--fontSize:50;line-height:var(--awb-typography1-line-height);\">INFORMATIONSEIGENT\u00dcMER<\/h2><\/div><div class=\"fusion-separator fusion-full-width-sep\" style=\"align-self: center;margin-left: auto;margin-right: auto;margin-top:3%;margin-bottom:3%;width:100%;\"><\/div><div class=\"fusion-text fusion-text-1\" style=\"--awb-text-color:var(--awb-color3);\"><p><strong>das Coaching by KS<\/strong><\/p>\n<p>KATHRIN SCHMID<br \/>\nBusiness Coach (IHK)<br \/>\nMediatorin (IHK)<\/p>\n<p>Eberfurterstr. 42<br \/>\nD-66450 Bexbach<\/p>\n<p>M: <a href=\"mailto:K.Schmid@dascoachingbyks.de\">K.Schmid@dascoachingbyks.de<\/a><br \/>\nT: <a href=\"tel:004915119169933\">+4915119169933<\/a><\/p>\n<p>UST-IdNr.: DE352361605<\/p>\n<\/div><div class=\"fusion-separator fusion-full-width-sep\" style=\"align-self: center;margin-left: auto;margin-right: auto;margin-top:3%;margin-bottom:3%;width:100%;\"><\/div><div class=\"fusion-text fusion-text-2\"><p><strong>HAFTUNG<br \/>\n<\/strong>S\u00e4mtliche Inhalte wurden sorgf\u00e4ltig gepr\u00fcft. Dessen ungeachtet kann keine Garantie f\u00fcr Richtigkeit, Vollst\u00e4ndigkeit und Aktualit\u00e4t der Angaben \u00fcbernommen werden.<\/p>\n<p><strong>LINKS<br \/>\n<\/strong>Links auf diese Website sind erw\u00fcnscht, soweit sie als externe Links gef\u00fchrt werden und jeweils ganze Seiten (inkl. Navigationsframe) wiedergegeben werden. Eine \u00dcbernahme des Hauptfensters in einen Frame des Linksetzers ist unzul\u00e4ssig. Eigene Links auf fremde Seiten stellen nur Wegweiser zu diesen Seiten dar; sie werden deshalb regelm\u00e4\u00dfig mittels externem Link in einem eigenen Browserfenster dargestellt. Der Herausgeber identifiziert sich nicht mit dem Inhalt der Seiten, auf die verwiesen wird und \u00fcbernimmt daf\u00fcr keine Haftung. Sollte eine der Seiten, auf die verwiesen wird, bedenkliche Inhalte aufweisen, wird um Mitteilung ersucht; in so einem Falle wird der Link sofort gel\u00f6scht.<\/p>\n<p><strong>NUTZUNG VON GOOGLE ANALYTICS<br \/>\n<\/strong>Unsere Homepage benutzt Google Analytics, einen Webanalysedienst von Google. Google Analytics verwendet so genannte Cookies (kleine Textdateien), die auf Ihrem Computer gespeichert werden und die eine Analyse der Benutzung der Website durch Sie erm\u00f6glichen. Die durch die Cookie erzeugten Informationen \u00fcber Ihre Benutzung dieser Homepage (einschlie\u00dflich Ihrer IP-Adresse) werden an einen Server von Google in den USA \u00fcbertragen und dort gespeichert. Google wird diese Informationen benutzen, um Ihre Nutzung der Website auszuwerten, um Reports \u00fcber die Websiteaktivit\u00e4ten f\u00fcr die Homepage-Betreiber zusammenzustellen und um weitere mit der Websitenutzung und der Internetnutzung verbundene Dienstleistungen zu erbringen. Auch wird Google diese Informationen gegebenenfalls an Dritte \u00fcbertragen, sofern dieses gesetzlich vorgeschrieben ist oder soweit Dritte diese Daten im Auftrag von Google verarbeiten. Google wird in keinem Fall Ihre IP-Adresse mit anderen Daten von Google in Verbindung bringen. Sie k\u00f6nnen die Installation der Cookies durch eine entsprechende Einstellung in Ihrer Browser-Software verhindern, wir weisen Sie jedoch darauf hin, dass Sie in diesem Fall gegebenenfalls nicht s\u00e4mtliche Funktionen dieser Website in vollem Umfang nutzen k\u00f6nnen. Durch die Nutzung unserer Homepage erkl\u00e4ren Sie sich mit der Bearbeitung, der \u00fcber Sie erhobenen Daten durch Google, in der zuvor beschriebenen Art und Weise und zu dem zuvor benannten Zweck einverstanden.<\/p>\n<p><strong>Information zur Online-Streitbeilegung gem\u00e4\u00df Art. 14.A bs. 1 ODR-VO<br \/>\n<\/strong>Die EU-Kommission bietet die M\u00f6glichkeit zur Online-Streitbeilegung auf einer von ihr betriebenen Plattform (sog. \u201eOS-Plattform\u201c). Die OS-Plattform kann als Anlaufstelle zur au\u00dfergerichtlichen Beilegung von Streitigkeiten aus Online-Kaufvertr\u00e4gen oder Dienstleistungsvertr\u00e4gen dienen. Diese Plattform ist \u00fcber den externen Link ec.europa.eu\/consumers\/odr zu erreichen.<\/p>\n<p><strong>DESIGN &amp; UMSETZUNG<br \/>\n<\/strong>38.5 AGENTUR. STUDIOS<br \/>\nWerbeagentur Innsbruck<br \/>\nMail: <a href=\"mailto:agentur@38comma5.com\">agentur@38comma5.com<\/a><br \/>\n<a href=\"https:\/\/www.38comma5.com\">www.38comma5.com<\/a><\/p>\n<p><strong>BILDNACHWEIS<br \/>\n<\/strong>Carsten Pech Fotografie<br \/>\nUnsplash<\/p>\n<\/div><div class=\"fusion-separator fusion-full-width-sep\" style=\"align-self: center;margin-left: auto;margin-right: auto;margin-top:3%;margin-bottom:3%;width:100%;\"><\/div><\/div><\/div><\/div><\/div><\/div>\n","protected":false},"excerpt":{"rendered":"","protected":false},"author":2,"featured_media":0,"parent":0,"menu_order":0,"comment_status":"closed","ping_status":"closed","template":"100-width.php","meta":[],"yoast_head":"<!-- This site is optimized with the Yoast SEO plugin v20.5 - https:\/\/yoast.com\/wordpress\/plugins\/seo\/ -->\n<title>das Coaching by KS - Kathrin Schmid - Businesscoach - Impressum<\/title>\n<meta name=\"description\" content=\"Information zum Eigent\u00fcmer das Coaching by KS, Kathrin Schmid, Businesscoach Deutschland\" \/>\n<meta name=\"robots\" content=\"index, follow, max-snippet:-1, max-image-preview:large, max-video-preview:-1\" \/>\n<link rel=\"canonical\" href=\"https:\/\/dascoachingbyks.de\/cms\/impressum\/\" \/>\n<meta property=\"og:locale\" content=\"de_DE\" \/>\n<meta property=\"og:type\" content=\"article\" \/>\n<meta property=\"og:title\" content=\"das Coaching by KS - Kathrin Schmid - Businesscoach - Impressum\" \/>\n<meta property=\"og:description\" content=\"Information zum Eigent\u00fcmer das Coaching by KS, Kathrin Schmid, Businesscoach Deutschland\" \/>\n<meta property=\"og:url\" content=\"https:\/\/dascoachingbyks.de\/cms\/impressum\/\" \/>\n<meta property=\"og:site_name\" content=\"Das Coaching by Kathrin Schmid\" \/>\n<meta property=\"article:modified_time\" content=\"2023-08-28T07:16:41+00:00\" \/>\n<meta name=\"twitter:card\" content=\"summary_large_image\" \/>\n<meta name=\"twitter:label1\" content=\"Gesch\u00e4tzte Lesezeit\" \/>\n\t<meta name=\"twitter:data1\" content=\"5\u00a0Minuten\" \/>\n<script type=\"application\/ld+json\" class=\"yoast-schema-graph\">{\"@context\":\"https:\/\/schema.org\",\"@graph\":[{\"@type\":\"WebPage\",\"@id\":\"https:\/\/dascoachingbyks.de\/cms\/impressum\/\",\"url\":\"https:\/\/dascoachingbyks.de\/cms\/impressum\/\",\"name\":\"das Coaching by KS - Kathrin Schmid - Businesscoach - Impressum\",\"isPartOf\":{\"@id\":\"https:\/\/dascoachingbyks.de\/cms\/#website\"},\"datePublished\":\"2022-07-14T08:17:43+00:00\",\"dateModified\":\"2023-08-28T07:16:41+00:00\",\"description\":\"Information zum Eigent\u00fcmer das Coaching by KS, Kathrin Schmid, Businesscoach Deutschland\",\"breadcrumb\":{\"@id\":\"https:\/\/dascoachingbyks.de\/cms\/impressum\/#breadcrumb\"},\"inLanguage\":\"de\",\"potentialAction\":[{\"@type\":\"ReadAction\",\"target\":[\"https:\/\/dascoachingbyks.de\/cms\/impressum\/\"]}]},{\"@type\":\"BreadcrumbList\",\"@id\":\"https:\/\/dascoachingbyks.de\/cms\/impressum\/#breadcrumb\",\"itemListElement\":[{\"@type\":\"ListItem\",\"position\":1,\"name\":\"Startseite\",\"item\":\"https:\/\/dascoachingbyks.de\/cms\/\"},{\"@type\":\"ListItem\",\"position\":2,\"name\":\"IMPRESSUM\"}]},{\"@type\":\"WebSite\",\"@id\":\"https:\/\/dascoachingbyks.de\/cms\/#website\",\"url\":\"https:\/\/dascoachingbyks.de\/cms\/\",\"name\":\"Das Coaching by Kathrin Schmid\",\"description\":\"Deinen Aufstieg Starten\",\"publisher\":{\"@id\":\"https:\/\/dascoachingbyks.de\/cms\/#organization\"},\"potentialAction\":[{\"@type\":\"SearchAction\",\"target\":{\"@type\":\"EntryPoint\",\"urlTemplate\":\"https:\/\/dascoachingbyks.de\/cms\/?s={search_term_string}\"},\"query-input\":\"required name=search_term_string\"}],\"inLanguage\":\"de\"},{\"@type\":\"Organization\",\"@id\":\"https:\/\/dascoachingbyks.de\/cms\/#organization\",\"name\":\"das Coaching by KS\",\"url\":\"https:\/\/dascoachingbyks.de\/cms\/\",\"logo\":{\"@type\":\"ImageObject\",\"inLanguage\":\"de\",\"@id\":\"https:\/\/dascoachingbyks.de\/cms\/#\/schema\/logo\/image\/\",\"url\":\"https:\/\/dascoachingbyks.de\/cms\/wp-content\/uploads\/2022\/06\/das-coaching-Logo2021-fin.jpg\",\"contentUrl\":\"https:\/\/dascoachingbyks.de\/cms\/wp-content\/uploads\/2022\/06\/das-coaching-Logo2021-fin.jpg\",\"width\":2500,\"height\":1047,\"caption\":\"das Coaching by KS\"},\"image\":{\"@id\":\"https:\/\/dascoachingbyks.de\/cms\/#\/schema\/logo\/image\/\"}}]}<\/script>\n<!-- \/ Yoast SEO plugin. -->","yoast_head_json":{"title":"das Coaching by KS - Kathrin Schmid - Businesscoach - Impressum","description":"Information zum Eigent\u00fcmer das Coaching by KS, Kathrin Schmid, Businesscoach Deutschland","robots":{"index":"index","follow":"follow","max-snippet":"max-snippet:-1","max-image-preview":"max-image-preview:large","max-video-preview":"max-video-preview:-1"},"canonical":"https:\/\/dascoachingbyks.de\/cms\/impressum\/","og_locale":"de_DE","og_type":"article","og_title":"das Coaching by KS - Kathrin Schmid - Businesscoach - Impressum","og_description":"Information zum Eigent\u00fcmer das Coaching by KS, Kathrin Schmid, Businesscoach Deutschland","og_url":"https:\/\/dascoachingbyks.de\/cms\/impressum\/","og_site_name":"Das Coaching by Kathrin Schmid","article_modified_time":"2023-08-28T07:16:41+00:00","twitter_card":"summary_large_image","twitter_misc":{"Gesch\u00e4tzte Lesezeit":"5\u00a0Minuten"},"schema":{"@context":"https:\/\/schema.org","@graph":[{"@type":"WebPage","@id":"https:\/\/dascoachingbyks.de\/cms\/impressum\/","url":"https:\/\/dascoachingbyks.de\/cms\/impressum\/","name":"das Coaching by KS - Kathrin Schmid - Businesscoach - Impressum","isPartOf":{"@id":"https:\/\/dascoachingbyks.de\/cms\/#website"},"datePublished":"2022-07-14T08:17:43+00:00","dateModified":"2023-08-28T07:16:41+00:00","description":"Information zum Eigent\u00fcmer das Coaching by KS, Kathrin Schmid, Businesscoach Deutschland","breadcrumb":{"@id":"https:\/\/dascoachingbyks.de\/cms\/impressum\/#breadcrumb"},"inLanguage":"de","potentialAction":[{"@type":"ReadAction","target":["https:\/\/dascoachingbyks.de\/cms\/impressum\/"]}]},{"@type":"BreadcrumbList","@id":"https:\/\/dascoachingbyks.de\/cms\/impressum\/#breadcrumb","itemListElement":[{"@type":"ListItem","position":1,"name":"Startseite","item":"https:\/\/dascoachingbyks.de\/cms\/"},{"@type":"ListItem","position":2,"name":"IMPRESSUM"}]},{"@type":"WebSite","@id":"https:\/\/dascoachingbyks.de\/cms\/#website","url":"https:\/\/dascoachingbyks.de\/cms\/","name":"Das Coaching by Kathrin Schmid","description":"Deinen Aufstieg Starten","publisher":{"@id":"https:\/\/dascoachingbyks.de\/cms\/#organization"},"potentialAction":[{"@type":"SearchAction","target":{"@type":"EntryPoint","urlTemplate":"https:\/\/dascoachingbyks.de\/cms\/?s={search_term_string}"},"query-input":"required name=search_term_string"}],"inLanguage":"de"},{"@type":"Organization","@id":"https:\/\/dascoachingbyks.de\/cms\/#organization","name":"das Coaching by KS","url":"https:\/\/dascoachingbyks.de\/cms\/","logo":{"@type":"ImageObject","inLanguage":"de","@id":"https:\/\/dascoachingbyks.de\/cms\/#\/schema\/logo\/image\/","url":"https:\/\/dascoachingbyks.de\/cms\/wp-content\/uploads\/2022\/06\/das-coaching-Logo2021-fin.jpg","contentUrl":"https:\/\/dascoachingbyks.de\/cms\/wp-content\/uploads\/2022\/06\/das-coaching-Logo2021-fin.jpg","width":2500,"height":1047,"caption":"das Coaching by KS"},"image":{"@id":"https:\/\/dascoachingbyks.de\/cms\/#\/schema\/logo\/image\/"}}]}},"_links":{"self":[{"href":"https:\/\/dascoachingbyks.de\/cms\/wp-json\/wp\/v2\/pages\/671"}],"collection":[{"href":"https:\/\/dascoachingbyks.de\/cms\/wp-json\/wp\/v2\/pages"}],"about":[{"href":"https:\/\/dascoachingbyks.de\/cms\/wp-json\/wp\/v2\/types\/page"}],"author":[{"embeddable":true,"href":"https:\/\/dascoachingbyks.de\/cms\/wp-json\/wp\/v2\/users\/2"}],"replies":[{"embeddable":true,"href":"https:\/\/dascoachingbyks.de\/cms\/wp-json\/wp\/v2\/comments?post=671"}],"version-history":[{"count":10,"href":"https:\/\/dascoachingbyks.de\/cms\/wp-json\/wp\/v2\/pages\/671\/revisions"}],"predecessor-version":[{"id":1194,"href":"https:\/\/dascoachingbyks.de\/cms\/wp-json\/wp\/v2\/pages\/671\/revisions\/1194"}],"wp:attachment":[{"href":"https:\/\/dascoachingbyks.de\/cms\/wp-json\/wp\/v2\/media?parent=671"}],"curies":[{"name":"wp","href":"https:\/\/api.w.org\/{rel}","templated":true}]}}