{"id":47,"date":"2022-06-29T09:58:17","date_gmt":"2022-06-29T09:58:17","guid":{"rendered":"https:\/\/dascoachingbyks.de\/cms\/?page_id=47"},"modified":"2023-08-28T07:23:55","modified_gmt":"2023-08-28T07:23:55","slug":"kontakt","status":"publish","type":"page","link":"https:\/\/dascoachingbyks.de\/cms\/kontakt\/","title":{"rendered":"KONTAKTIEREN SIE MICH!"},"content":{"rendered":"<p><div id=\"kathrin\" class=\"fusion-container-anchor\"><div class=\"fusion-fullwidth fullwidth-box fusion-builder-row-1 fusion-flex-container nonhundred-percent-fullwidth non-hundred-percent-height-scrolling\" style=\"--awb-border-radius-top-left:0px;--awb-border-radius-top-right:0px;--awb-border-radius-bottom-right:0px;--awb-border-radius-bottom-left:0px;--awb-margin-top:10%;\" ><div class=\"fusion-builder-row fusion-row fusion-flex-align-items-flex-start\" style=\"max-width:1248px;margin-left: calc(-4% \/ 2 );margin-right: calc(-4% \/ 2 );\"><div class=\"fusion-layout-column fusion_builder_column fusion-builder-column-0 fusion_builder_column_1_1 1_1 fusion-flex-column\" style=\"--awb-bg-size:cover;--awb-width-large:100%;--awb-margin-top-large:0px;--awb-spacing-right-large:0.96%;--awb-margin-bottom-large:20px;--awb-spacing-left-large:0.96%;--awb-width-medium:100%;--awb-order-medium:0;--awb-spacing-right-medium:0.96%;--awb-spacing-left-medium:0.96%;--awb-width-small:100%;--awb-order-small:0;--awb-spacing-right-small:1.92%;--awb-spacing-left-small:1.92%;\"><div class=\"fusion-column-wrapper fusion-column-has-shadow fusion-flex-justify-content-flex-start fusion-content-layout-column\"><div class=\"fusion-title title fusion-title-1 fusion-sep-none fusion-title-center fusion-title-highlight fusion-loop-on fusion-highlight-underline_zigzag fusion-title-size-one\" style=\"--awb-highlight-top-margin:6px;--awb-highlight-width:7;--awb-margin-top:0px;--awb-margin-bottom:0px;\" data-highlight=\"underline_zigzag\"><h1 class=\"title-heading-center fusion-responsive-typography-calculated\" style=\"margin:0;text-transform:none;--fontSize:25;line-height:var(--awb-typography1-line-height);\"><span class=\"fusion-highlighted-text-prefix\"><\/span> <span class=\"fusion-highlighted-text-wrapper\"><span class=\"fusion-highlighted-text\">ICH FREUE MICH AUF<\/span><\/span> <span class=\"fusion-highlighted-text-postfix\"><\/span><\/h1><\/div><div class=\"fusion-separator\" style=\"align-self: flex-start;margin-right:auto;margin-top:1%;margin-bottom:2%;width:100%;max-width:20%;\"><\/div><div class=\"fusion-title title fusion-title-2 fusion-sep-none fusion-title-center fusion-title-text fusion-title-size-two\" style=\"--awb-sep-color:var(--awb-color1);\"><h2 class=\"title-heading-center fusion-responsive-typography-calculated\" style=\"margin:0;text-transform:none;--fontSize:50;line-height:var(--awb-typography1-line-height);\">IHRE NACHRICHT!<\/h2><\/div><div class=\"fusion-separator fusion-full-width-sep\" style=\"align-self: center;margin-left: auto;margin-right: auto;margin-top:3%;margin-bottom:3%;width:100%;\"><\/div><div class=\"fusion-text fusion-text-1\"><p style=\"text-align: center;\">Jeder Mensch, der an sich arbeiten und sich entwickeln m\u00f6chte, kann zu mir kommen. Besonders spezialisiert bin ich aber auf Menschen, die neu in eine F\u00fchrungsrolle gekommen sind und auf Unternehmen, die innerhalb ihrer Organisation Teams weiterentwickeln m\u00f6chten, vor allem was die Kompetenz zur Eigenmotivation angeht.<\/p>\n<p style=\"text-align: center;\">Was ist Ihre Geschichte? Schreiben Sie mir oder rufen Sie mich an.<br \/>\nIch freue mich, mit Ihnen (und Ihrem Team) zu arbeiten.<\/p>\n<p style=\"text-align: center;\"><span style=\"color: #c1ad6a;\"><strong>Ihre Kathrin Schmid<\/strong><\/span><br \/>\n<span style=\"color: #c1ad6a;\"><strong>BUSINESS COACH (IHK)<br \/>\nMEDIATORIN (IHK)<br \/>\n<\/strong><\/span><\/p>\n<\/div><\/div><\/div><\/div><\/div><\/div><div id=\"kontakt\" class=\"fusion-container-anchor\"><div class=\"fusion-fullwidth fullwidth-box fusion-builder-row-2 fusion-flex-container nonhundred-percent-fullwidth non-hundred-percent-height-scrolling\" style=\"--awb-border-radius-top-left:0px;--awb-border-radius-top-right:0px;--awb-border-radius-bottom-right:0px;--awb-border-radius-bottom-left:0px;--awb-margin-top:10%;--awb-margin-bottom:10%;--awb-background-color:var(--awb-color2);\" ><div class=\"fusion-builder-row fusion-row fusion-flex-align-items-flex-start\" style=\"max-width:1248px;margin-left: calc(-4% \/ 2 );margin-right: calc(-4% \/ 2 );\"><div class=\"fusion-layout-column fusion_builder_column fusion-builder-column-1 fusion_builder_column_1_2 1_2 fusion-flex-column\" style=\"--awb-bg-size:cover;--awb-width-large:50%;--awb-margin-top-large:0px;--awb-spacing-right-large:15.36%;--awb-margin-bottom-large:20px;--awb-spacing-left-large:15.36%;--awb-width-medium:50%;--awb-order-medium:0;--awb-spacing-right-medium:15.36%;--awb-spacing-left-medium:15.36%;--awb-width-small:100%;--awb-order-small:0;--awb-spacing-right-small:1.92%;--awb-spacing-left-small:1.92%;\"><div class=\"fusion-column-wrapper fusion-column-has-shadow fusion-flex-justify-content-flex-start fusion-content-layout-column\"><div class=\"fusion-separator\" style=\"align-self: flex-start;margin-right:auto;margin-top:1%;margin-bottom:2%;width:100%;max-width:20%;\"><\/div><div class=\"fusion-title title fusion-title-3 fusion-sep-none fusion-title-highlight fusion-loop-off fusion-highlight-underline_zigzag fusion-title-size-three\" style=\"--awb-highlight-top-margin:6px;--awb-highlight-width:7;--awb-margin-top:0px;--awb-margin-bottom:0px;\" data-highlight=\"underline_zigzag\"><h3 class=\"title-heading-left fusion-responsive-typography-calculated\" style=\"margin:0;text-transform:none;--fontSize:25;line-height:var(--awb-typography1-line-height);\"><span class=\"fusion-highlighted-text-prefix\"><\/span> <span class=\"fusion-highlighted-text-wrapper\"><span class=\"fusion-highlighted-text\">SCHREIBEN SIE MIR!<\/span><\/span> <span class=\"fusion-highlighted-text-postfix\"><\/span><\/h3><\/div><div class=\"fusion-separator\" style=\"align-self: flex-start;margin-right:auto;margin-top:1%;margin-bottom:8%;width:100%;max-width:20%;\"><\/div><div class=\"fusion-title title fusion-title-4 fusion-sep-none fusion-title-text fusion-title-size-two\" style=\"--awb-margin-top:0px;--awb-margin-bottom:0px;--awb-sep-color:var(--awb-color1);\"><h2 class=\"title-heading-left fusion-responsive-typography-calculated\" style=\"margin:0;text-transform:none;--fontSize:50;line-height:var(--awb-typography1-line-height);\">KONTAKT<\/h2><\/div><div class=\"fusion-separator fusion-full-width-sep\" style=\"align-self: center;margin-left: auto;margin-right: auto;margin-top:3%;margin-bottom:3%;width:100%;\"><\/div><div class=\"fusion-form fusion-form-builder fusion-form-form-wrapper fusion-form-377\" style=\"--awb-tooltip-text-color:#ffffff;--awb-tooltip-background-color:#333333;\" data-form-id=\"377\" data-config=\"{&quot;form_id&quot;:&quot;377&quot;,&quot;form_post_id&quot;:&quot;377&quot;,&quot;post_id&quot;:47,&quot;form_type&quot;:&quot;ajax&quot;,&quot;confirmation_type&quot;:&quot;message&quot;,&quot;redirect_url&quot;:&quot;&quot;,&quot;field_labels&quot;:{&quot;name&quot;:&quot;NAME&quot;,&quot;email&quot;:&quot;EMAIL&quot;,&quot;ihre_nachricht_an_mich&quot;:&quot;IHRE NACHRICHT AN MICH&quot;},&quot;field_logics&quot;:{&quot;name&quot;:&quot;&quot;,&quot;email&quot;:&quot;&quot;,&quot;ihre_nachricht_an_mich&quot;:&quot;&quot;,&quot;notice_1&quot;:&quot;&quot;},&quot;field_types&quot;:{&quot;name&quot;:&quot;text&quot;,&quot;email&quot;:&quot;email&quot;,&quot;ihre_nachricht_an_mich&quot;:&quot;textarea&quot;,&quot;notice_1&quot;:&quot;notice&quot;,&quot;submit_1&quot;:&quot;submit&quot;},&quot;nonce_method&quot;:&quot;ajax&quot;}\"><form action=\"https:\/\/dascoachingbyks.de\/cms\/kontakt\/\" method=\"post\" class=\"fusion-form fusion-form-377\"><div class=\"fusion-fullwidth fullwidth-box fusion-builder-row-2-1 fusion-flex-container nonhundred-percent-fullwidth non-hundred-percent-height-scrolling\" style=\"--awb-border-radius-top-left:0px;--awb-border-radius-top-right:0px;--awb-border-radius-bottom-right:0px;--awb-border-radius-bottom-left:0px;\" ><div class=\"fusion-builder-row fusion-row fusion-flex-align-items-flex-start\" style=\"width:104% !important;max-width:104% !important;margin-left: calc(-4% \/ 2 );margin-right: calc(-4% \/ 2 );\"><div class=\"fusion-layout-column fusion_builder_column fusion-builder-column-2 fusion_builder_column_1_1 1_1 fusion-flex-column\" style=\"--awb-bg-size:cover;--awb-width-large:100%;--awb-margin-top-large:0px;--awb-spacing-right-large:1.92%;--awb-margin-bottom-large:20px;--awb-spacing-left-large:1.92%;--awb-width-medium:100%;--awb-order-medium:0;--awb-spacing-right-medium:1.92%;--awb-spacing-left-medium:1.92%;--awb-width-small:100%;--awb-order-small:0;--awb-spacing-right-small:1.92%;--awb-spacing-left-small:1.92%;\"><div class=\"fusion-column-wrapper fusion-column-has-shadow fusion-flex-justify-content-flex-start fusion-content-layout-column\"><div class=\"fusion-form-field fusion-form-text-field fusion-form-label-above\" style=\"\" data-form-id=\"377\"><div class=\"fusion-form-label-wrapper\"><label for=\"name\">NAME <abbr class=\"fusion-form-element-required\" title=\"required\">*<\/abbr><\/label><\/div><input type=\"text\" name=\"name\" id=\"name\" value=\"\"  class=\"fusion-form-input\" required=\"true\" aria-required=\"true\" data-holds-private-data=\"false\" minlength=\"0\"\/><\/div><div class=\"fusion-form-field fusion-form-email-field fusion-form-label-above\" style=\"\" data-form-id=\"377\"><div class=\"fusion-form-label-wrapper\"><label for=\"email\">EMAIL <abbr class=\"fusion-form-element-required\" title=\"required\">*<\/abbr><\/label><\/div><input type=\"email\" name=\"email\" id=\"email\" value=\"\"  class=\"fusion-form-input\" required=\"true\" aria-required=\"true\" data-holds-private-data=\"false\"\/><\/div><div class=\"fusion-form-field fusion-form-textarea-field fusion-form-label-above\" style=\"\" data-form-id=\"377\"><label for=\"ihre_nachricht_an_mich\">IHRE NACHRICHT AN MICH<\/label><textarea cols=\"40\"  minlength=\"0\"  rows=\"4\" tabindex=\"\" id=\"ihre_nachricht_an_mich\" name=\"ihre_nachricht_an_mich\" class=\"fusion-form-input\" data-holds-private-data=\"false\"><\/textarea><\/div><div class=\"fusion-separator fusion-full-width-sep\" style=\"align-self: center;margin-left: auto;margin-right: auto;margin-top:5%;width:100%;\"><\/div><div class=\"form-submission-notices data-notice_1\" id=\"fusion-notices-1\"><div class=\"fusion-alert alert success alert-success fusion-alert-center fusion-form-response fusion-form-response-success alert-dismissable\" role=\"alert\"><div class=\"fusion-alert-content-wrapper\"><span class=\"alert-icon\"><i class=\"awb-icon-check-circle\" aria-hidden=\"true\"><\/i><\/span><span class=\"fusion-alert-content\">Danke f\u00fcr Ihre Nachricht!<\/span><\/div><button type=\"button\" class=\"close toggle-alert\" data-dismiss=\"alert\" aria-label=\"Close\">&times;<\/button><\/div><div class=\"fusion-alert alert error alert-danger fusion-alert-center fusion-form-response fusion-form-response-error alert-dismissable\" role=\"alert\"><div class=\"fusion-alert-content-wrapper\"><span class=\"alert-icon\"><i class=\"awb-icon-exclamation-triangle\" aria-hidden=\"true\"><\/i><\/span><span class=\"fusion-alert-content\">Sendung fehlgeschlagen. Bitte versuchen Sie es erneut!<\/span><\/div><button type=\"button\" class=\"close toggle-alert\" data-dismiss=\"alert\" aria-label=\"Close\">&times;<\/button><\/div><\/div><div class=\"fusion-form-field fusion-form-submit-field fusion-form-label-above\" style=\"\" data-form-id=\"377\"><div style=\"text-align:left;\"><button type=\"submit\" class=\"fusion-button button-flat fusion-button-default-size button-default fusion-button-default button-1 fusion-button-default-span  form-form-submit button-default\" data-form-number=\"377\" tabindex=\"\"><span class=\"fusion-button-text\">ABSCHICKEN!<\/span><\/button><\/div><\/div><\/div><\/div><\/div><\/div><input type=\"hidden\" name=\"fusion_privacy_store_ip_ua\" value=\"false\"><input type=\"hidden\" name=\"fusion_privacy_expiration_interval\" value=\"48\"><input type=\"hidden\" name=\"privacy_expiration_action\" value=\"anonymize\"><\/form><\/div><\/div><\/div><div class=\"fusion-layout-column fusion_builder_column fusion-builder-column-3 fusion-flex-column\" style=\"--awb-bg-size:cover;--awb-width-large:44.94%;--awb-margin-top-large:0px;--awb-spacing-right-large:4.2723631508678%;--awb-margin-bottom-large:20px;--awb-spacing-left-large:4.2723631508678%;--awb-width-medium:44.94%;--awb-order-medium:0;--awb-spacing-right-medium:4.2723631508678%;--awb-spacing-left-medium:4.2723631508678%;--awb-width-small:100%;--awb-order-small:0;--awb-spacing-right-small:1.92%;--awb-spacing-left-small:1.92%;\"><div class=\"fusion-column-wrapper fusion-column-has-shadow fusion-flex-justify-content-flex-start fusion-content-layout-column\"><div class=\"fusion-image-element \" style=\"text-align:center;--awb-max-width:380px;--awb-caption-title-size:var(--h2_typography-font-size);--awb-caption-title-transform:var(--h2_typography-text-transform);--awb-caption-title-line-height:var(--h2_typography-line-height);--awb-caption-title-letter-spacing:var(--h2_typography-letter-spacing);\"><span class=\" fusion-imageframe imageframe-none imageframe-1 hover-type-zoomin\"><img decoding=\"async\" width=\"650\" height=\"800\" alt=\"das-coaching-by-ks-kathrin-schmid\" src=\"https:\/\/dascoachingbyks.de\/cms\/wp-content\/uploads\/2022\/07\/dascoaching-kathrin-schmid-kontakt2.png\" data-orig-src=\"https:\/\/dascoachingbyks.de\/cms\/wp-content\/uploads\/2022\/07\/dascoaching-kathrin-schmid-kontakt2.png\" class=\"lazyload img-responsive wp-image-415\" srcset=\"data:image\/svg+xml,%3Csvg%20xmlns%3D%27http%3A%2F%2Fwww.w3.org%2F2000%2Fsvg%27%20width%3D%27650%27%20height%3D%27800%27%20viewBox%3D%270%200%20650%20800%27%3E%3Crect%20width%3D%27650%27%20height%3D%27800%27%20fill-opacity%3D%220%22%2F%3E%3C%2Fsvg%3E\" data-srcset=\"https:\/\/dascoachingbyks.de\/cms\/wp-content\/uploads\/2022\/07\/dascoaching-kathrin-schmid-kontakt2-200x246.png 200w, https:\/\/dascoachingbyks.de\/cms\/wp-content\/uploads\/2022\/07\/dascoaching-kathrin-schmid-kontakt2-400x492.png 400w, https:\/\/dascoachingbyks.de\/cms\/wp-content\/uploads\/2022\/07\/dascoaching-kathrin-schmid-kontakt2-600x738.png 600w, https:\/\/dascoachingbyks.de\/cms\/wp-content\/uploads\/2022\/07\/dascoaching-kathrin-schmid-kontakt2.png 650w\" data-sizes=\"auto\" data-orig-sizes=\"(max-width: 800px) 100vw, 600px\" \/><\/span><\/div><\/div><\/div><\/div><\/div><\/div>\n<\/p>\n","protected":false},"excerpt":{"rendered":"","protected":false},"author":2,"featured_media":0,"parent":0,"menu_order":0,"comment_status":"closed","ping_status":"closed","template":"100-width.php","meta":[],"yoast_head":"<!-- This site is optimized with the Yoast SEO plugin v20.5 - https:\/\/yoast.com\/wordpress\/plugins\/seo\/ -->\n<title>Coaching by KS - Kathrin Schmid - Businesscoach Saarland - Kontakt<\/title>\n<meta name=\"description\" content=\"Sie sind neu in einer F\u00fchrungsposition oder suchen einen Businesscoach f\u00fcr Ihr Unternehmen? Kontaktieren Sie mich f\u00fcr ein Erstgespr\u00e4ch!\" \/>\n<meta name=\"robots\" content=\"index, follow, max-snippet:-1, max-image-preview:large, max-video-preview:-1\" \/>\n<link rel=\"canonical\" href=\"https:\/\/dascoachingbyks.de\/cms\/kontakt\/\" \/>\n<meta property=\"og:locale\" content=\"de_DE\" \/>\n<meta property=\"og:type\" content=\"article\" \/>\n<meta property=\"og:title\" content=\"Coaching by KS - Kathrin Schmid - Businesscoach Saarland - Kontakt\" \/>\n<meta property=\"og:description\" content=\"Sie sind neu in einer F\u00fchrungsposition oder suchen einen Businesscoach f\u00fcr Ihr Unternehmen? Kontaktieren Sie mich f\u00fcr ein Erstgespr\u00e4ch!\" \/>\n<meta property=\"og:url\" content=\"https:\/\/dascoachingbyks.de\/cms\/kontakt\/\" \/>\n<meta property=\"og:site_name\" content=\"Das Coaching by Kathrin Schmid\" \/>\n<meta property=\"article:modified_time\" content=\"2023-08-28T07:23:55+00:00\" \/>\n<meta name=\"twitter:card\" content=\"summary_large_image\" \/>\n<meta name=\"twitter:label1\" content=\"Gesch\u00e4tzte Lesezeit\" \/>\n\t<meta name=\"twitter:data1\" content=\"5\u00a0Minuten\" \/>\n<script type=\"application\/ld+json\" class=\"yoast-schema-graph\">{\"@context\":\"https:\/\/schema.org\",\"@graph\":[{\"@type\":\"WebPage\",\"@id\":\"https:\/\/dascoachingbyks.de\/cms\/kontakt\/\",\"url\":\"https:\/\/dascoachingbyks.de\/cms\/kontakt\/\",\"name\":\"Coaching by KS - Kathrin Schmid - Businesscoach Saarland - Kontakt\",\"isPartOf\":{\"@id\":\"https:\/\/dascoachingbyks.de\/cms\/#website\"},\"datePublished\":\"2022-06-29T09:58:17+00:00\",\"dateModified\":\"2023-08-28T07:23:55+00:00\",\"description\":\"Sie sind neu in einer F\u00fchrungsposition oder suchen einen Businesscoach f\u00fcr Ihr Unternehmen? Kontaktieren Sie mich f\u00fcr ein Erstgespr\u00e4ch!\",\"breadcrumb\":{\"@id\":\"https:\/\/dascoachingbyks.de\/cms\/kontakt\/#breadcrumb\"},\"inLanguage\":\"de\",\"potentialAction\":[{\"@type\":\"ReadAction\",\"target\":[\"https:\/\/dascoachingbyks.de\/cms\/kontakt\/\"]}]},{\"@type\":\"BreadcrumbList\",\"@id\":\"https:\/\/dascoachingbyks.de\/cms\/kontakt\/#breadcrumb\",\"itemListElement\":[{\"@type\":\"ListItem\",\"position\":1,\"name\":\"Startseite\",\"item\":\"https:\/\/dascoachingbyks.de\/cms\/\"},{\"@type\":\"ListItem\",\"position\":2,\"name\":\"KONTAKTIEREN SIE MICH!\"}]},{\"@type\":\"WebSite\",\"@id\":\"https:\/\/dascoachingbyks.de\/cms\/#website\",\"url\":\"https:\/\/dascoachingbyks.de\/cms\/\",\"name\":\"Das Coaching by Kathrin Schmid\",\"description\":\"Deinen Aufstieg Starten\",\"publisher\":{\"@id\":\"https:\/\/dascoachingbyks.de\/cms\/#organization\"},\"potentialAction\":[{\"@type\":\"SearchAction\",\"target\":{\"@type\":\"EntryPoint\",\"urlTemplate\":\"https:\/\/dascoachingbyks.de\/cms\/?s={search_term_string}\"},\"query-input\":\"required name=search_term_string\"}],\"inLanguage\":\"de\"},{\"@type\":\"Organization\",\"@id\":\"https:\/\/dascoachingbyks.de\/cms\/#organization\",\"name\":\"das Coaching by KS\",\"url\":\"https:\/\/dascoachingbyks.de\/cms\/\",\"logo\":{\"@type\":\"ImageObject\",\"inLanguage\":\"de\",\"@id\":\"https:\/\/dascoachingbyks.de\/cms\/#\/schema\/logo\/image\/\",\"url\":\"https:\/\/dascoachingbyks.de\/cms\/wp-content\/uploads\/2022\/06\/das-coaching-Logo2021-fin.jpg\",\"contentUrl\":\"https:\/\/dascoachingbyks.de\/cms\/wp-content\/uploads\/2022\/06\/das-coaching-Logo2021-fin.jpg\",\"width\":2500,\"height\":1047,\"caption\":\"das Coaching by KS\"},\"image\":{\"@id\":\"https:\/\/dascoachingbyks.de\/cms\/#\/schema\/logo\/image\/\"}}]}<\/script>\n<!-- \/ Yoast SEO plugin. -->","yoast_head_json":{"title":"Coaching by KS - Kathrin Schmid - Businesscoach Saarland - Kontakt","description":"Sie sind neu in einer F\u00fchrungsposition oder suchen einen Businesscoach f\u00fcr Ihr Unternehmen? Kontaktieren Sie mich f\u00fcr ein Erstgespr\u00e4ch!","robots":{"index":"index","follow":"follow","max-snippet":"max-snippet:-1","max-image-preview":"max-image-preview:large","max-video-preview":"max-video-preview:-1"},"canonical":"https:\/\/dascoachingbyks.de\/cms\/kontakt\/","og_locale":"de_DE","og_type":"article","og_title":"Coaching by KS - Kathrin Schmid - Businesscoach Saarland - Kontakt","og_description":"Sie sind neu in einer F\u00fchrungsposition oder suchen einen Businesscoach f\u00fcr Ihr Unternehmen? Kontaktieren Sie mich f\u00fcr ein Erstgespr\u00e4ch!","og_url":"https:\/\/dascoachingbyks.de\/cms\/kontakt\/","og_site_name":"Das Coaching by Kathrin Schmid","article_modified_time":"2023-08-28T07:23:55+00:00","twitter_card":"summary_large_image","twitter_misc":{"Gesch\u00e4tzte Lesezeit":"5\u00a0Minuten"},"schema":{"@context":"https:\/\/schema.org","@graph":[{"@type":"WebPage","@id":"https:\/\/dascoachingbyks.de\/cms\/kontakt\/","url":"https:\/\/dascoachingbyks.de\/cms\/kontakt\/","name":"Coaching by KS - Kathrin Schmid - Businesscoach Saarland - Kontakt","isPartOf":{"@id":"https:\/\/dascoachingbyks.de\/cms\/#website"},"datePublished":"2022-06-29T09:58:17+00:00","dateModified":"2023-08-28T07:23:55+00:00","description":"Sie sind neu in einer F\u00fchrungsposition oder suchen einen Businesscoach f\u00fcr Ihr Unternehmen? Kontaktieren Sie mich f\u00fcr ein Erstgespr\u00e4ch!","breadcrumb":{"@id":"https:\/\/dascoachingbyks.de\/cms\/kontakt\/#breadcrumb"},"inLanguage":"de","potentialAction":[{"@type":"ReadAction","target":["https:\/\/dascoachingbyks.de\/cms\/kontakt\/"]}]},{"@type":"BreadcrumbList","@id":"https:\/\/dascoachingbyks.de\/cms\/kontakt\/#breadcrumb","itemListElement":[{"@type":"ListItem","position":1,"name":"Startseite","item":"https:\/\/dascoachingbyks.de\/cms\/"},{"@type":"ListItem","position":2,"name":"KONTAKTIEREN SIE MICH!"}]},{"@type":"WebSite","@id":"https:\/\/dascoachingbyks.de\/cms\/#website","url":"https:\/\/dascoachingbyks.de\/cms\/","name":"Das Coaching by Kathrin Schmid","description":"Deinen Aufstieg Starten","publisher":{"@id":"https:\/\/dascoachingbyks.de\/cms\/#organization"},"potentialAction":[{"@type":"SearchAction","target":{"@type":"EntryPoint","urlTemplate":"https:\/\/dascoachingbyks.de\/cms\/?s={search_term_string}"},"query-input":"required name=search_term_string"}],"inLanguage":"de"},{"@type":"Organization","@id":"https:\/\/dascoachingbyks.de\/cms\/#organization","name":"das Coaching by KS","url":"https:\/\/dascoachingbyks.de\/cms\/","logo":{"@type":"ImageObject","inLanguage":"de","@id":"https:\/\/dascoachingbyks.de\/cms\/#\/schema\/logo\/image\/","url":"https:\/\/dascoachingbyks.de\/cms\/wp-content\/uploads\/2022\/06\/das-coaching-Logo2021-fin.jpg","contentUrl":"https:\/\/dascoachingbyks.de\/cms\/wp-content\/uploads\/2022\/06\/das-coaching-Logo2021-fin.jpg","width":2500,"height":1047,"caption":"das Coaching by KS"},"image":{"@id":"https:\/\/dascoachingbyks.de\/cms\/#\/schema\/logo\/image\/"}}]}},"_links":{"self":[{"href":"https:\/\/dascoachingbyks.de\/cms\/wp-json\/wp\/v2\/pages\/47"}],"collection":[{"href":"https:\/\/dascoachingbyks.de\/cms\/wp-json\/wp\/v2\/pages"}],"about":[{"href":"https:\/\/dascoachingbyks.de\/cms\/wp-json\/wp\/v2\/types\/page"}],"author":[{"embeddable":true,"href":"https:\/\/dascoachingbyks.de\/cms\/wp-json\/wp\/v2\/users\/2"}],"replies":[{"embeddable":true,"href":"https:\/\/dascoachingbyks.de\/cms\/wp-json\/wp\/v2\/comments?post=47"}],"version-history":[{"count":14,"href":"https:\/\/dascoachingbyks.de\/cms\/wp-json\/wp\/v2\/pages\/47\/revisions"}],"predecessor-version":[{"id":1196,"href":"https:\/\/dascoachingbyks.de\/cms\/wp-json\/wp\/v2\/pages\/47\/revisions\/1196"}],"wp:attachment":[{"href":"https:\/\/dascoachingbyks.de\/cms\/wp-json\/wp\/v2\/media?parent=47"}],"curies":[{"name":"wp","href":"https:\/\/api.w.org\/{rel}","templated":true}]}}